{"id":311,"date":"2016-10-09T16:41:50","date_gmt":"2016-10-09T16:41:50","guid":{"rendered":"http:\/\/www.expertiva.hr\/en\/?page_id=311"},"modified":"2026-03-06T19:40:38","modified_gmt":"2026-03-06T19:40:38","slug":"contact","status":"publish","type":"page","link":"https:\/\/www.expertiva.hr\/en\/contact\/","title":{"rendered":"Contact"},"content":{"rendered":"\n<div class=\"wp-block-columns is-layout-flex wp-container-core-columns-is-layout-9d6595d7 wp-block-columns-is-layout-flex\">\n<div class=\"wp-block-column is-layout-flow wp-block-column-is-layout-flow\">\n<p>Have a quick question? Call me:<\/p>\n\n\n\n<p>&#x1f4de; <a href=\"tel:+385915132672\"><strong><span style=\"text-decoration: underline; color: #a71680;\">+385 91 513 2672<\/span><\/strong><\/a> <\/p>\n\n\n\n<div style=\"height:50px\" aria-hidden=\"true\" class=\"wp-block-spacer\"><\/div>\n\n\n\n<h3 class=\"wp-block-heading\"><span style=\"color: #a71680;\"><strong>Request a Google Ads Campaign Check<\/strong><\/span><\/h3>\n\n\n\n<p>If you&#8217;re managing a Google Ads campaign for your services and not sure why it&#8217;s not bringing enough leads, fill out a short form and I will see if I can help.<\/p>\n\n\n\n<div style=\"height:50px\" aria-hidden=\"true\" class=\"wp-block-spacer\"><\/div>\n\n\n\n<p class=\"has-text-align-center has-text-align-center\"><a class=\"fasc-button fasc-size-large fasc-type-glossy fasc-rounded-medium ico-fa fasc-ico-before fasc-style-bold\" style=\"background-color: #a71680; color: #ffffff;\" href=\"https:\/\/docs.google.com\/forms\/d\/e\/1FAIpQLSeirYDBPTasonvKnF5fI9iDCXpj2VOnGBwPH3eyaRFqylaAwg\/viewform\" target=\"_blank\">Fill out campaign check form<\/a><\/p>\n\n\n\n<div style=\"height:75px\" aria-hidden=\"true\" class=\"wp-block-spacer\"><\/div>\n\n\n\n<h3 class=\"wp-block-heading\"><span style=\"color: #a71680;\"><strong>When Does a Campaign Check Make Sense?<\/strong><\/span><\/h3>\n\n\n\n<p>Campaign check makes sense if:<\/p>\n\n\n\n<ul class=\"wp-block-list\">\n<li>You&#8217;re spending budget but not getting leads<\/li>\n\n\n\n<li>You&#8217;re not sure if campaign settings are right<\/li>\n\n\n\n<li>You want to reduce irrelevant clicks<\/li>\n\n\n\n<li>You want a clear strategy on how to run your campaign<\/li>\n<\/ul>\n\n\n\n<div style=\"height:50px\" aria-hidden=\"true\" class=\"wp-block-spacer\"><\/div>\n\n\n\n<h4 class=\"wp-block-heading has-text-align-center has-white-color has-text-color has-background has-link-color wp-elements-b51da72c0ee52cbdb9081b8aaad146e6\" style=\"background-color:#a71680\">I work only with service entrepreneurs. I don&#8217;t do Google Ads for ecommerce.<\/h4>\n\n\n\n<div style=\"height:75px\" aria-hidden=\"true\" class=\"wp-block-spacer\"><\/div>\n<\/div>\n\n\n\n<div class=\"wp-block-column is-layout-flow wp-block-column-is-layout-flow\">\n<h3 class=\"wp-block-heading\"><span style=\"color: #a71680;\"><strong>Send a Message<\/strong><\/span><\/h3>\n\n\n\n<div class=\"wpcf7 no-js\" id=\"wpcf7-f313-o1\" lang=\"hr\" dir=\"ltr\" data-wpcf7-id=\"313\">\n<div class=\"screen-reader-response\"><p role=\"status\" aria-live=\"polite\" aria-atomic=\"true\"><\/p> <ul><\/ul><\/div>\n<form action=\"\/en\/wp-json\/wp\/v2\/pages\/311#wpcf7-f313-o1\" method=\"post\" class=\"wpcf7-form init\" aria-label=\"Kontakt obrazac\" novalidate=\"novalidate\" data-status=\"init\">\n<fieldset class=\"hidden-fields-container\"><input type=\"hidden\" name=\"_wpcf7\" value=\"313\" \/><input type=\"hidden\" name=\"_wpcf7_version\" value=\"6.1.5\" \/><input type=\"hidden\" name=\"_wpcf7_locale\" value=\"hr\" \/><input type=\"hidden\" name=\"_wpcf7_unit_tag\" value=\"wpcf7-f313-o1\" \/><input type=\"hidden\" name=\"_wpcf7_container_post\" value=\"0\" \/><input type=\"hidden\" name=\"_wpcf7_posted_data_hash\" value=\"\" \/><input type=\"hidden\" name=\"_wpcf7_recaptcha_response\" value=\"\" \/>\n<\/fieldset>\n<div class=\"row contact-form-7\">\n\t<div class=\"col-md-6\">\n\t\t<p><span class=\"wpcf7-form-control-wrap\" data-name=\"your-name\"><input size=\"40\" maxlength=\"400\" class=\"wpcf7-form-control wpcf7-text wpcf7-validates-as-required\" aria-required=\"true\" aria-invalid=\"false\" placeholder=\"Your name*\" value=\"\" type=\"text\" name=\"your-name\" \/><\/span>\n\t\t<\/p>\n\t<\/div>\n\t<div class=\"col-md-6\">\n\t\t<p><span class=\"wpcf7-form-control-wrap\" data-name=\"your-lastname\"><input size=\"40\" maxlength=\"400\" class=\"wpcf7-form-control wpcf7-text wpcf7-validates-as-required\" aria-required=\"true\" aria-invalid=\"false\" placeholder=\"Your lastname*\" value=\"\" type=\"text\" name=\"your-lastname\" \/><\/span>\n\t\t<\/p>\n\t<\/div>\n\t<div class=\"col-md-6\">\n\t\t<p><span class=\"wpcf7-form-control-wrap\" data-name=\"tel-688\"><input size=\"40\" maxlength=\"400\" class=\"wpcf7-form-control wpcf7-tel wpcf7-text wpcf7-validates-as-tel\" aria-invalid=\"false\" placeholder=\"Phone number\" value=\"\" type=\"tel\" name=\"tel-688\" \/><\/span>\n\t\t<\/p>\n\t<\/div>\n\t<div class=\"col-md-6\">\n\t\t<p><span class=\"wpcf7-form-control-wrap\" data-name=\"your-email\"><input size=\"40\" maxlength=\"400\" class=\"wpcf7-form-control wpcf7-email wpcf7-validates-as-required wpcf7-text wpcf7-validates-as-email\" aria-required=\"true\" aria-invalid=\"false\" placeholder=\"Email address*\" value=\"\" type=\"email\" name=\"your-email\" \/><\/span>\n\t\t<\/p>\n\t<\/div>\n\t<div class=\"col-md-12\">\n\t\t<p><span class=\"wpcf7-form-control-wrap\" data-name=\"your-message\"><textarea cols=\"40\" rows=\"6\" maxlength=\"2000\" class=\"wpcf7-form-control wpcf7-textarea\" aria-invalid=\"false\" placeholder=\"Your message\" name=\"your-message\"><\/textarea><\/span>\n\t\t<\/p>\n\t<\/div>\n\t<div style=\"font-size:14px\" class=\"col-md-12 checkbox-field\">\n\t\t<p><span class=\"wpcf7-form-control-wrap\" data-name=\"PrivacyPolicy\"><span class=\"wpcf7-form-control wpcf7-acceptance\"><span class=\"wpcf7-list-item\"><label><input type=\"checkbox\" name=\"PrivacyPolicy\" value=\"1\" aria-invalid=\"false\" \/><span class=\"wpcf7-list-item-label\"><a href=\"http:\/\/www.expertiva.hr\/privacy-policy\/\" target=\"_blank\" rel=\"noopener\">I have read <span style=\"text-decoration: underline;\">Privacy Policy<\/span><a\/><\/span><\/label><\/span><\/span><\/span>\n\t\t<\/p>\n\t<\/div>\n\t<div style=\"font-size:16px\" class=\"col-md-12 checkbox-field\">\n\t\t<p><span class=\"wpcf7-form-control-wrap\" data-name=\"PrivacyPolicy\"><span class=\"wpcf7-form-control wpcf7-acceptance\"><span class=\"wpcf7-list-item\"><label><input type=\"checkbox\" name=\"PrivacyPolicy\" value=\"1\" aria-invalid=\"false\" \/><span class=\"wpcf7-list-item-label\">I agree that Expertiva uses the information I entered in this form to contact me<\/span><\/label><\/span><\/span><\/span>\n\t\t<\/p>\n\t<\/div>\n\t<div class=\"col-md-6 recaptcha\">\n\t\t<p><div id=\"cf7sr-69e9f37ec61a4\" class=\"cf7sr-g-recaptcha\" data-theme=\"light\" data-type=\"image\" data-size=\"normal\" data-sitekey=\"6LdCTxsTAAAAAGwRrV9M8rokB66tufZraup8_o2u\"><\/div><span class=\"wpcf7-form-control-wrap cf7sr-recaptcha\" data-name=\"cf7sr-recaptcha\"><input type=\"hidden\" name=\"cf7sr-recaptcha\" value=\"\" class=\"wpcf7-form-control\"><\/span>\n\t\t<\/p>\n\t<\/div>\n\t<div class=\"col-md-12 button\">\n\t\t<p><input class=\"wpcf7-form-control wpcf7-submit has-spinner\" type=\"submit\" value=\"Send message\" \/>\n\t\t<\/p>\n\t<\/div>\n<\/div><div class=\"wpcf7-response-output\" aria-hidden=\"true\"><\/div>\n<\/form>\n<\/div>\n\n\n\n\n<div style=\"height:50px\" aria-hidden=\"true\" class=\"wp-block-spacer\"><\/div>\n<\/div>\n<\/div>\n\n\n\n<h3 class=\"wp-block-heading\"><span style=\"color: #a71680;\"><strong>Basic Info<\/strong><\/span><\/h3>\n\n\n\n<p>Expertiva, marketing and consulting, owner Nikolina Toma\u0161kovi\u0107<br>Email: info(at)expertiva.hr<br>Address: Jalkovec, Matije Gupca 25, 42000 Vara\u017edin, Croatia<br>VAT NO: HR73737488948<\/p>\n\n\n\n<p><strong>Running a business from Vara\u017edin, Croatia &#8211; serving clients worldwide.<\/strong><\/p>\n\n\n\n<div style=\"height:50px\" aria-hidden=\"true\" class=\"wp-block-spacer\"><\/div>\n\n\n\n<p><\/p>\n","protected":false},"excerpt":{"rendered":"<p>Have a quick question? Call me: &#x1f4de; +385 91 513 2672 Request a Google Ads Campaign Check If you&#8217;re managing a Google Ads campaign for your services and not sure why it&#8217;s not bringing enough leads, fill out a short form and I will see if I can help. Fill&#8230; <\/p>\n<div class=\"read-more\"><a href=\"https:\/\/www.expertiva.hr\/en\/contact\/\">Read More<\/a><\/div>\n","protected":false},"author":1,"featured_media":5502,"parent":0,"menu_order":1,"comment_status":"closed","ping_status":"closed","template":"page-template\/full-width.php","meta":{"_acf_changed":false,"footnotes":""},"class_list":["post-311","page","type-page","status-publish","has-post-thumbnail","hentry"],"acf":[],"yoast_head":"<!-- This site is optimized with the Yoast SEO plugin v27.1.1 - https:\/\/yoast.com\/product\/yoast-seo-wordpress\/ -->\n<title>Contact - Nikolina Toma\u0161kovi\u0107, Expertiva Croatia<\/title>\n<meta name=\"description\" content=\"CONTACT Nikolina Toma\u0161kovi\u0107, Expertiva Croatia. Phone number: +385 91 513 2672. Email: nikolina.tomaskovic@expertiva.hr\" \/>\n<meta name=\"robots\" content=\"index, follow, max-snippet:-1, max-image-preview:large, max-video-preview:-1\" \/>\n<link rel=\"canonical\" href=\"https:\/\/www.expertiva.hr\/en\/contact\/\" \/>\n<meta property=\"og:locale\" content=\"en_US\" \/>\n<meta property=\"og:type\" content=\"article\" \/>\n<meta property=\"og:title\" content=\"Contact - Nikolina Toma\u0161kovi\u0107, Expertiva Croatia\" \/>\n<meta property=\"og:description\" content=\"CONTACT Nikolina Toma\u0161kovi\u0107, Expertiva Croatia. Phone number: +385 91 513 2672. Email: nikolina.tomaskovic@expertiva.hr\" \/>\n<meta property=\"og:url\" content=\"https:\/\/www.expertiva.hr\/en\/contact\/\" \/>\n<meta property=\"og:site_name\" content=\"Expertiva\" \/>\n<meta property=\"article:publisher\" content=\"https:\/\/www.facebook.com\/expertivaCroatia\" \/>\n<meta property=\"article:modified_time\" content=\"2026-03-06T19:40:38+00:00\" \/>\n<meta property=\"og:image\" content=\"https:\/\/www.expertiva.hr\/wp-content\/uploads\/2022\/04\/expertiva_croatia_contact.jpg\" \/>\n\t<meta property=\"og:image:width\" content=\"1200\" \/>\n\t<meta property=\"og:image:height\" content=\"450\" \/>\n\t<meta property=\"og:image:type\" content=\"image\/jpeg\" \/>\n<meta name=\"twitter:card\" content=\"summary_large_image\" \/>\n<meta name=\"twitter:label1\" content=\"Est. reading time\" \/>\n\t<meta name=\"twitter:data1\" content=\"2 minutes\" \/>\n<script type=\"application\/ld+json\" class=\"yoast-schema-graph\">{\"@context\":\"https:\/\/schema.org\",\"@graph\":[{\"@type\":[\"WebPage\",\"ContactPage\"],\"@id\":\"https:\/\/www.expertiva.hr\/en\/contact\/\",\"url\":\"https:\/\/www.expertiva.hr\/en\/contact\/\",\"name\":\"Contact - Nikolina Toma\u0161kovi\u0107, Expertiva Croatia\",\"isPartOf\":{\"@id\":\"https:\/\/www.expertiva.hr\/#website\"},\"primaryImageOfPage\":{\"@id\":\"https:\/\/www.expertiva.hr\/en\/contact\/#primaryimage\"},\"image\":{\"@id\":\"https:\/\/www.expertiva.hr\/en\/contact\/#primaryimage\"},\"thumbnailUrl\":\"https:\/\/www.expertiva.hr\/wp-content\/uploads\/2022\/04\/expertiva_croatia_contact.jpg\",\"datePublished\":\"2016-10-09T16:41:50+00:00\",\"dateModified\":\"2026-03-06T19:40:38+00:00\",\"description\":\"CONTACT Nikolina Toma\u0161kovi\u0107, Expertiva Croatia. Phone number: +385 91 513 2672. Email: nikolina.tomaskovic@expertiva.hr\",\"breadcrumb\":{\"@id\":\"https:\/\/www.expertiva.hr\/en\/contact\/#breadcrumb\"},\"inLanguage\":\"en-US\",\"potentialAction\":[{\"@type\":\"ReadAction\",\"target\":[\"https:\/\/www.expertiva.hr\/en\/contact\/\"]}]},{\"@type\":\"ImageObject\",\"inLanguage\":\"en-US\",\"@id\":\"https:\/\/www.expertiva.hr\/en\/contact\/#primaryimage\",\"url\":\"https:\/\/www.expertiva.hr\/wp-content\/uploads\/2022\/04\/expertiva_croatia_contact.jpg\",\"contentUrl\":\"https:\/\/www.expertiva.hr\/wp-content\/uploads\/2022\/04\/expertiva_croatia_contact.jpg\",\"width\":1200,\"height\":450,\"caption\":\"Expertiva Croatia contact\"},{\"@type\":\"BreadcrumbList\",\"@id\":\"https:\/\/www.expertiva.hr\/en\/contact\/#breadcrumb\",\"itemListElement\":[{\"@type\":\"ListItem\",\"position\":1,\"name\":\"Home\",\"item\":\"https:\/\/www.expertiva.hr\/en\/\"},{\"@type\":\"ListItem\",\"position\":2,\"name\":\"Contact\"}]},{\"@type\":\"WebSite\",\"@id\":\"https:\/\/www.expertiva.hr\/#website\",\"url\":\"https:\/\/www.expertiva.hr\/\",\"name\":\"Expertiva\",\"description\":\"Marketing i savjetovanje za male poduzetnike\",\"publisher\":{\"@id\":\"https:\/\/www.expertiva.hr\/#organization\"},\"potentialAction\":[{\"@type\":\"SearchAction\",\"target\":{\"@type\":\"EntryPoint\",\"urlTemplate\":\"https:\/\/www.expertiva.hr\/?s={search_term_string}\"},\"query-input\":{\"@type\":\"PropertyValueSpecification\",\"valueRequired\":true,\"valueName\":\"search_term_string\"}}],\"inLanguage\":\"en-US\"},{\"@type\":\"Organization\",\"@id\":\"https:\/\/www.expertiva.hr\/#organization\",\"name\":\"Expertiva - Google Ads za usluge\",\"url\":\"https:\/\/www.expertiva.hr\/\",\"logo\":{\"@type\":\"ImageObject\",\"inLanguage\":\"en-US\",\"@id\":\"https:\/\/www.expertiva.hr\/#\/schema\/logo\/image\/\",\"url\":\"https:\/\/www.expertiva.hr\/wp-content\/uploads\/2016\/01\/Expertiva_logo_1.png\",\"contentUrl\":\"https:\/\/www.expertiva.hr\/wp-content\/uploads\/2016\/01\/Expertiva_logo_1.png\",\"width\":400,\"height\":210,\"caption\":\"Expertiva - Google Ads za usluge\"},\"image\":{\"@id\":\"https:\/\/www.expertiva.hr\/#\/schema\/logo\/image\/\"},\"sameAs\":[\"https:\/\/www.facebook.com\/expertivaCroatia\",\"http:\/\/www.linkedin.com\/in\/nikolinatomaskovic\"]}]}<\/script>\n<!-- \/ Yoast SEO plugin. -->","yoast_head_json":{"title":"Contact - Nikolina Toma\u0161kovi\u0107, Expertiva Croatia","description":"CONTACT Nikolina Toma\u0161kovi\u0107, Expertiva Croatia. Phone number: +385 91 513 2672. Email: nikolina.tomaskovic@expertiva.hr","robots":{"index":"index","follow":"follow","max-snippet":"max-snippet:-1","max-image-preview":"max-image-preview:large","max-video-preview":"max-video-preview:-1"},"canonical":"https:\/\/www.expertiva.hr\/en\/contact\/","og_locale":"en_US","og_type":"article","og_title":"Contact - Nikolina Toma\u0161kovi\u0107, Expertiva Croatia","og_description":"CONTACT Nikolina Toma\u0161kovi\u0107, Expertiva Croatia. Phone number: +385 91 513 2672. Email: nikolina.tomaskovic@expertiva.hr","og_url":"https:\/\/www.expertiva.hr\/en\/contact\/","og_site_name":"Expertiva","article_publisher":"https:\/\/www.facebook.com\/expertivaCroatia","article_modified_time":"2026-03-06T19:40:38+00:00","og_image":[{"width":1200,"height":450,"url":"https:\/\/www.expertiva.hr\/wp-content\/uploads\/2022\/04\/expertiva_croatia_contact.jpg","type":"image\/jpeg"}],"twitter_card":"summary_large_image","twitter_misc":{"Est. reading time":"2 minutes"},"schema":{"@context":"https:\/\/schema.org","@graph":[{"@type":["WebPage","ContactPage"],"@id":"https:\/\/www.expertiva.hr\/en\/contact\/","url":"https:\/\/www.expertiva.hr\/en\/contact\/","name":"Contact - Nikolina Toma\u0161kovi\u0107, Expertiva Croatia","isPartOf":{"@id":"https:\/\/www.expertiva.hr\/#website"},"primaryImageOfPage":{"@id":"https:\/\/www.expertiva.hr\/en\/contact\/#primaryimage"},"image":{"@id":"https:\/\/www.expertiva.hr\/en\/contact\/#primaryimage"},"thumbnailUrl":"https:\/\/www.expertiva.hr\/wp-content\/uploads\/2022\/04\/expertiva_croatia_contact.jpg","datePublished":"2016-10-09T16:41:50+00:00","dateModified":"2026-03-06T19:40:38+00:00","description":"CONTACT Nikolina Toma\u0161kovi\u0107, Expertiva Croatia. Phone number: +385 91 513 2672. Email: nikolina.tomaskovic@expertiva.hr","breadcrumb":{"@id":"https:\/\/www.expertiva.hr\/en\/contact\/#breadcrumb"},"inLanguage":"en-US","potentialAction":[{"@type":"ReadAction","target":["https:\/\/www.expertiva.hr\/en\/contact\/"]}]},{"@type":"ImageObject","inLanguage":"en-US","@id":"https:\/\/www.expertiva.hr\/en\/contact\/#primaryimage","url":"https:\/\/www.expertiva.hr\/wp-content\/uploads\/2022\/04\/expertiva_croatia_contact.jpg","contentUrl":"https:\/\/www.expertiva.hr\/wp-content\/uploads\/2022\/04\/expertiva_croatia_contact.jpg","width":1200,"height":450,"caption":"Expertiva Croatia contact"},{"@type":"BreadcrumbList","@id":"https:\/\/www.expertiva.hr\/en\/contact\/#breadcrumb","itemListElement":[{"@type":"ListItem","position":1,"name":"Home","item":"https:\/\/www.expertiva.hr\/en\/"},{"@type":"ListItem","position":2,"name":"Contact"}]},{"@type":"WebSite","@id":"https:\/\/www.expertiva.hr\/#website","url":"https:\/\/www.expertiva.hr\/","name":"Expertiva","description":"Marketing i savjetovanje za male poduzetnike","publisher":{"@id":"https:\/\/www.expertiva.hr\/#organization"},"potentialAction":[{"@type":"SearchAction","target":{"@type":"EntryPoint","urlTemplate":"https:\/\/www.expertiva.hr\/?s={search_term_string}"},"query-input":{"@type":"PropertyValueSpecification","valueRequired":true,"valueName":"search_term_string"}}],"inLanguage":"en-US"},{"@type":"Organization","@id":"https:\/\/www.expertiva.hr\/#organization","name":"Expertiva - Google Ads za usluge","url":"https:\/\/www.expertiva.hr\/","logo":{"@type":"ImageObject","inLanguage":"en-US","@id":"https:\/\/www.expertiva.hr\/#\/schema\/logo\/image\/","url":"https:\/\/www.expertiva.hr\/wp-content\/uploads\/2016\/01\/Expertiva_logo_1.png","contentUrl":"https:\/\/www.expertiva.hr\/wp-content\/uploads\/2016\/01\/Expertiva_logo_1.png","width":400,"height":210,"caption":"Expertiva - Google Ads za usluge"},"image":{"@id":"https:\/\/www.expertiva.hr\/#\/schema\/logo\/image\/"},"sameAs":["https:\/\/www.facebook.com\/expertivaCroatia","http:\/\/www.linkedin.com\/in\/nikolinatomaskovic"]}]}},"_links":{"self":[{"href":"https:\/\/www.expertiva.hr\/en\/wp-json\/wp\/v2\/pages\/311","targetHints":{"allow":["GET"]}}],"collection":[{"href":"https:\/\/www.expertiva.hr\/en\/wp-json\/wp\/v2\/pages"}],"about":[{"href":"https:\/\/www.expertiva.hr\/en\/wp-json\/wp\/v2\/types\/page"}],"author":[{"embeddable":true,"href":"https:\/\/www.expertiva.hr\/en\/wp-json\/wp\/v2\/users\/1"}],"replies":[{"embeddable":true,"href":"https:\/\/www.expertiva.hr\/en\/wp-json\/wp\/v2\/comments?post=311"}],"version-history":[{"count":42,"href":"https:\/\/www.expertiva.hr\/en\/wp-json\/wp\/v2\/pages\/311\/revisions"}],"predecessor-version":[{"id":7772,"href":"https:\/\/www.expertiva.hr\/en\/wp-json\/wp\/v2\/pages\/311\/revisions\/7772"}],"wp:featuredmedia":[{"embeddable":true,"href":"https:\/\/www.expertiva.hr\/en\/wp-json\/wp\/v2\/media\/5502"}],"wp:attachment":[{"href":"https:\/\/www.expertiva.hr\/en\/wp-json\/wp\/v2\/media?parent=311"}],"curies":[{"name":"wp","href":"https:\/\/api.w.org\/{rel}","templated":true}]}}